{"id":2,"date":"2020-12-09T21:49:40","date_gmt":"2020-12-10T00:49:40","guid":{"rendered":"https:\/\/dicasdacarioca.com.br\/lp\/?page_id=2"},"modified":"2024-11-04T17:43:59","modified_gmt":"2024-11-04T20:43:59","slug":"conhecendo-o-rio-ebook-2","status":"publish","type":"page","link":"https:\/\/dicasdacarioca.com.br\/lp\/","title":{"rendered":"Conhecendo o Rio eBook"},"content":{"rendered":"<section class=\"wp-block-uagb-section uagb-section__wrap uagb-section__background-color uagb-block-541404d6\"><div class=\"uagb-section__overlay\"><\/div><div class=\"uagb-section__inner-wrap\"><section class=\"wp-block-uagb-columns uagb-columns__wrap uagb-columns__background-none uagb-columns__stack-mobile uagb-columns__valign- uagb-columns__gap-10 align uagb-block-ec2a39ba uagb-columns__columns-2 uagb-columns__max_width-theme\"><div class=\"uagb-columns__overlay\"><\/div><div class=\"uagb-columns__inner-wrap uagb-columns__columns-2\"><div class=\"wp-block-uagb-column uagb-column__wrap uagb-column__background-undefined uagb-block-68b8645e\"><div class=\"uagb-column__overlay\"><\/div><figure class=\"wp-block-image alignleft size-large is-resized\"><img loading=\"lazy\" decoding=\"async\" width=\"850\" height=\"544\" src=\"https:\/\/dicasdacarioca.com.br\/lp\/wp-content\/uploads\/2020\/12\/Conhecendo-o-Rio-eBook.png\" alt=\"eBook Conhecendo o Rio\" class=\"wp-image-8\" style=\"width:665px;height:425px\" srcset=\"https:\/\/dicasdacarioca.com.br\/lp\/wp-content\/uploads\/2020\/12\/Conhecendo-o-Rio-eBook.png 850w, https:\/\/dicasdacarioca.com.br\/lp\/wp-content\/uploads\/2020\/12\/Conhecendo-o-Rio-eBook-300x192.png 300w, https:\/\/dicasdacarioca.com.br\/lp\/wp-content\/uploads\/2020\/12\/Conhecendo-o-Rio-eBook-768x492.png 768w\" sizes=\"auto, (max-width: 850px) 100vw, 850px\" \/><\/figure><\/div>\n\n<div class=\"wp-block-uagb-column uagb-column__wrap uagb-column__background-undefined uagb-block-7fcf118f\"><div class=\"uagb-column__overlay\"><\/div><h1 class=\"wp-block-heading has-large-font-size\">Conhe\u00e7a o Rio como um verdadeiro carioca<\/h1>\n\n<p class=\"has-normal-font-size wp-block-paragraph\">Este guia de bolso foi preparado especialmente para auxiliar o turista que visita a Cidade Maravilhosa a ter uma experi\u00eancia diferente: conhecer o Rio de Janeiro como se fosse um carioca. Ele \u00e9 disponibilizado gratuitamente.<\/p>\n\n<p class=\"has-normal-font-size wp-block-paragraph\">A autora \u00e9 carioca da gema e apaixonada pela sua cidade natal.<\/p>\n\n<div class=\"wp-block-uagb-buttons uagb-buttons__outer-wrap uagb-btn__default-btn uagb-btn-tablet__default-btn uagb-btn-mobile__default-btn uagb-block-da7ccd56\"><div class=\"uagb-buttons__wrap uagb-buttons-layout-wrap \"><div class=\"wp-block-uagb-buttons-child uagb-buttons__outer-wrap uagb-block-29c61ee0 wp-block-button\"><div class=\"uagb-button__wrapper\"><a class=\"uagb-buttons-repeater wp-block-button__link\" aria-label=\"\" href=\"https:\/\/dicasdacarioca.com.br\/lp\/wp-content\/uploads\/2023\/11\/Conhecendo-o-Rio-compactado.pdf\" rel=\"nofollow noopener\" target=\"_blank\" role=\"button\"><div class=\"uagb-button__link\">BAIXE SEU E-BOOK AGORA!<\/div><\/a><\/div><\/div><\/div><\/div>\n\n<p class=\"has-text-align-center wp-block-paragraph\" style=\"font-size:10px\"><strong>Conte\u00fado dispon\u00edvel em pdf para ler em celulares, tablets ou computadores.<\/strong><\/p><\/div><\/div><\/section><\/div><\/section><section class=\"wp-block-uagb-section uagb-section__wrap uagb-section__background-image uagb-block-7b7a3ddd\"><div class=\"uagb-section__overlay\"><\/div><div class=\"uagb-section__inner-wrap\"><section class=\"wp-block-uagb-columns uagb-columns__wrap uagb-columns__background-none uagb-columns__stack-mobile uagb-columns__valign- uagb-columns__gap-10 align uagb-block-e4565607 uagb-columns__columns-2 uagb-columns__max_width-theme\"><div class=\"uagb-columns__overlay\"><\/div><div class=\"uagb-columns__inner-wrap uagb-columns__columns-2\"><div class=\"wp-block-uagb-column uagb-column__wrap uagb-column__background-undefined uagb-block-4bc46e0f\"><div class=\"uagb-column__overlay\"><\/div><h2 class=\"wp-block-heading has-white-color has-text-color\">Sobre a Autora<\/h2>\n\n<p class=\"has-white-color has-text-color wp-block-paragraph\">Sou carioca, formada em Administra\u00e7\u00e3o de Empresas e atuo na \u00e1rea de planejamento e empreendedorismo. Sou casada e tenho 4 filhos que s\u00e3o os amores da minha vida: Sheldon e Charlot (meus gatinhos), Cec\u00edlia (cachorrinha) e Alice (menina). Gosto muito de viajar, conhecer lugares novos e moro em uma das cidades mais interessantes e belas do mundo: o Rio de Janeiro. Desde pequena tenho mania de escrever e registrar tudo o que for poss\u00edvel, n\u00e3o s\u00f3 como recorda\u00e7\u00e3o, mas para compartilhar com os amigos. Assim, em 2014, surgiu o blog Dicas da Carioca onde compartilho dicas sobre o Rio, viagens e maternidade, e a partir deste blog, surgiu a ideia de reunir as dicas e informa\u00e7\u00f5es relevantes para o turista que deseja conhecer o Rio com os olhos de um carioca. Dessa forma, nasceu o guia de bolso Conhecendo o Rio.<\/p><\/div>\n\n<div class=\"wp-block-uagb-column uagb-column__wrap uagb-column__background-undefined uagb-block-679fb574\"><div class=\"uagb-column__overlay\"><\/div><\/div><\/div><\/section><\/div><\/section><section class=\"wp-block-uagb-section uagb-section__wrap uagb-section__background-undefined uagb-block-0401a735\"><div class=\"uagb-section__overlay\"><\/div><div class=\"uagb-section__inner-wrap\"><h2 class=\"wp-block-heading has-text-align-center\">O que vem neste Guia de Bolso?<\/h2>\n\n<section class=\"wp-block-uagb-columns uagb-columns__wrap uagb-columns__background-none uagb-columns__stack-mobile uagb-columns__valign- uagb-columns__gap-10 align uagb-block-bc2cee49 uagb-columns__columns-3 uagb-columns__max_width-theme\"><div class=\"uagb-columns__overlay\"><\/div><div class=\"uagb-columns__inner-wrap uagb-columns__columns-3\"><div class=\"wp-block-uagb-column uagb-column__wrap uagb-column__background-color uagb-block-2868e200\"><div class=\"uagb-column__overlay\"><\/div><div class=\"wp-block-uagb-info-box uagb-block-04030546 uagb-infobox__content-wrap  uagb-infobox-icon-above-title uagb-infobox-image-valign-top uagb-infobox__outer-wrap\"><div class=\"uagb-ifb-content\"><div class=\"uagb-ifb-icon-wrap\"><svg xmlns=\"https:\/\/www.w3.org\/2000\/svg\" viewBox=\"0 0 512 512\"><path d=\"M320 336c0 8.844-7.156 16-16 16h-96C199.2 352 192 344.8 192 336V288H0v144C0 457.6 22.41 480 48 480h416c25.59 0 48-22.41 48-48V288h-192V336zM464 96H384V48C384 22.41 361.6 0 336 0h-160C150.4 0 128 22.41 128 48V96H48C22.41 96 0 118.4 0 144V256h512V144C512 118.4 489.6 96 464 96zM336 96h-160V48h160V96z\"><\/path><\/svg><\/div><div class=\"uagb-ifb-title-wrap\"><h3 class=\"uagb-ifb-title\">Como planejar a viagem<\/h3><\/div><p class=\"uagb-ifb-desc\">Quando ir<br>Como chegar<br>Quantos dias ficar<br>O que levar na mala<br>Onde se hospedar<\/p><\/div><\/div><\/div>\n\n<div class=\"wp-block-uagb-column uagb-column__wrap uagb-column__background-color uagb-block-95e99a3f\"><div class=\"uagb-column__overlay\"><\/div><div class=\"wp-block-uagb-info-box uagb-block-97d9ddd0 uagb-infobox__content-wrap  uagb-infobox-icon-above-title uagb-infobox-image-valign-top uagb-infobox__outer-wrap\"><div class=\"uagb-ifb-content\"><div class=\"uagb-ifb-icon-wrap\"><svg xmlns=\"https:\/\/www.w3.org\/2000\/svg\" viewBox=\"0 0 320 512\"><path d=\"M256 48C256 74.51 234.5 96 208 96C181.5 96 160 74.51 160 48C160 21.49 181.5 0 208 0C234.5 0 256 21.49 256 48zM126.5 199.3C125.6 199.7 124.6 200.1 123.7 200.5L112.7 205.4C97.41 212.2 85.42 224.6 79.22 240.1L77.71 243.9C71.15 260.3 52.53 268.3 36.12 261.7C19.71 255.1 11.73 236.5 18.29 220.1L19.8 216.3C32.19 185.4 56.18 160.5 86.66 146.9L97.66 142C118.5 132.8 140.1 128 163.7 128C208.3 128 248.5 154.8 265.6 195.9L280.1 232.7L302.3 243.4C318.1 251.3 324.5 270.5 316.6 286.3C308.7 302.1 289.5 308.5 273.7 300.6L247 287.3C236.7 282.1 228.6 273.4 224.2 262.8L214.6 239.8L195.3 305.3L244.8 359.4C250.2 365.3 254.1 372.4 256 380.2L279 472.2C283.3 489.4 272.9 506.8 255.8 511C238.6 515.3 221.2 504.9 216.1 487.8L194.9 399.6L124.3 322.5C109.5 306.4 103.1 283.9 109.6 262.8L126.5 199.3zM68.73 398L93.69 335.6C95.84 338.6 98.16 341.4 100.7 344.2L141.4 388.6L126.9 424.8C124.5 430.9 120.9 436.4 116.3 440.9L54.63 502.6C42.13 515.1 21.87 515.1 9.372 502.6C-3.124 490.1-3.124 469.9 9.372 457.4L68.73 398z\"><\/path><\/svg><\/div><div class=\"uagb-ifb-title-wrap\"><h3 class=\"uagb-ifb-title\">Circulando pela cidade<\/h3><\/div><p class=\"uagb-ifb-desc\">Recomenda\u00e7\u00f5es b\u00e1sicas<br>Meios de transporte<br>Dicas de seguran\u00e7a<br>O que vestir<br>O que cal\u00e7ar<\/p><\/div><\/div><\/div>\n\n<div class=\"wp-block-uagb-column uagb-column__wrap uagb-column__background-color uagb-block-2c4a3230\"><div class=\"uagb-column__overlay\"><\/div><div class=\"wp-block-uagb-info-box uagb-block-406b4d67 uagb-infobox__content-wrap  uagb-infobox-icon-above-title uagb-infobox-image-valign-top uagb-infobox__outer-wrap\"><div class=\"uagb-ifb-content\"><div class=\"uagb-ifb-icon-wrap\"><svg xmlns=\"https:\/\/www.w3.org\/2000\/svg\" viewBox=\"0 0 384 512\"><path d=\"M168.3 499.2C116.1 435 0 279.4 0 192C0 85.96 85.96 0 192 0C298 0 384 85.96 384 192C384 279.4 267 435 215.7 499.2C203.4 514.5 180.6 514.5 168.3 499.2H168.3zM192 256C227.3 256 256 227.3 256 192C256 156.7 227.3 128 192 128C156.7 128 128 156.7 128 192C128 227.3 156.7 256 192 256z\"><\/path><\/svg><\/div><div class=\"uagb-ifb-title-wrap\"><h3 class=\"uagb-ifb-title\">Montando um<br>roteiro<\/h3><\/div><p class=\"uagb-ifb-desc\">As praias cariocas<br>As igrejas do Rio<br>Os museus cariocas<br>Pra\u00e7as e parques<br>Pontos tur\u00edsticos<\/p><\/div><\/div><\/div><\/div><\/section><\/div><\/section><section class=\"wp-block-uagb-section uagb-section__wrap uagb-section__background-undefined uagb-block-6e82d948\"><div class=\"uagb-section__overlay\"><\/div><div class=\"uagb-section__inner-wrap\"><section class=\"wp-block-uagb-columns uagb-columns__wrap uagb-columns__background-none uagb-columns__stack-mobile uagb-columns__valign- uagb-columns__gap-10 align uagb-block-d290a257 uagb-columns__columns-2 uagb-columns__max_width-theme\"><div class=\"uagb-columns__overlay\"><\/div><div class=\"uagb-columns__inner-wrap uagb-columns__columns-2\"><div class=\"wp-block-uagb-column uagb-column__wrap uagb-column__background-undefined uagb-block-e547e7cf\"><div class=\"uagb-column__overlay\"><\/div><p class=\"wp-block-paragraph\">Rio \u00e9 Hist\u00f3ria, \u00e9 Cultura, \u00e9 um estilo de vida completamente diferente e particular. E nos \u00faltimos anos percebi que precisava compartilhar essa ideia com outras pessoas. Assim surgiu o Blog Dicas da Carioca, que come\u00e7ou como um projeto pessoal e acabou mudando a minha vida, gerando um sentido novo para minha carreira profissional.<\/p>\n\n<p class=\"wp-block-paragraph\">Aquele hobby foi tomando uma dimens\u00e3o muito maior. A vontade de mudar foi mais forte que venci o medo, surgindo uma necessidade de ir adiante. Agora, al\u00e9m dos artigos publicados no Dicas da Carioca, este guia sobre o Rio de Janeiro, com dicas e informa\u00e7\u00f5es pr\u00e1ticas para facilitar a vida de quem deseja conhecer a cidade, aproveitando ao m\u00e1ximo o que ela tem a oferecer.<\/p><\/div>\n\n<div class=\"wp-block-uagb-column uagb-column__wrap uagb-column__background-undefined uagb-block-120beb71\"><div class=\"uagb-column__overlay\"><\/div><figure class=\"wp-block-image aligncenter size-large is-style-default\"><img loading=\"lazy\" decoding=\"async\" width=\"850\" height=\"544\" src=\"https:\/\/dicasdacarioca.com.br\/lp\/wp-content\/uploads\/2020\/12\/Conhecendo-o-Rio-eBook-aberto.png\" alt=\"eBook Conhecendo o Rio\" class=\"wp-image-84\" srcset=\"https:\/\/dicasdacarioca.com.br\/lp\/wp-content\/uploads\/2020\/12\/Conhecendo-o-Rio-eBook-aberto.png 850w, https:\/\/dicasdacarioca.com.br\/lp\/wp-content\/uploads\/2020\/12\/Conhecendo-o-Rio-eBook-aberto-300x192.png 300w, https:\/\/dicasdacarioca.com.br\/lp\/wp-content\/uploads\/2020\/12\/Conhecendo-o-Rio-eBook-aberto-768x492.png 768w\" sizes=\"auto, (max-width: 850px) 100vw, 850px\" \/><\/figure><\/div><\/div><\/section>\n\n<div class=\"wp-block-buttons alignfull is-horizontal is-content-justification-center is-layout-flex wp-container-core-buttons-is-layout-cbcdc57d wp-block-buttons-is-layout-flex\"><div class=\"wp-block-button\"><a class=\"wp-block-button__link wp-element-button\" href=\"https:\/\/dicasdacarioca.com.br\/lp\/wp-content\/uploads\/2023\/11\/Conhecendo-o-Rio-compactado.pdf\" target=\"_blank\" rel=\"noreferrer noopener\">EU QUERO O MEU GUIA DE BOLSO CONHECENDO O RIO!<\/a><\/div><\/div><\/div><\/section><div class=\"wp-block-buttons is-layout-flex wp-block-buttons-is-layout-flex\"><\/div>","protected":false},"excerpt":{"rendered":"","protected":false},"author":1,"featured_media":0,"parent":0,"menu_order":0,"comment_status":"closed","ping_status":"closed","template":"","meta":{"_crdt_document":"","_uag_custom_page_level_css":"","site-sidebar-layout":"no-sidebar","site-content-layout":"page-builder","ast-site-content-layout":"full-width-container","site-content-style":"unboxed","site-sidebar-style":"unboxed","ast-global-header-display":"","ast-banner-title-visibility":"","ast-main-header-display":"","ast-hfb-above-header-display":"","ast-hfb-below-header-display":"","ast-hfb-mobile-header-display":"","site-post-title":"disabled","ast-breadcrumbs-content":"","ast-featured-img":"disabled","footer-sml-layout":"","theme-transparent-header-meta":"default","adv-header-id-meta":"","stick-header-meta":"","header-above-stick-meta":"","header-main-stick-meta":"","header-below-stick-meta":"","astra-migrate-meta-layouts":"set","ast-page-background-enabled":"default","ast-page-background-meta":{"desktop":{"background-color":"","background-image":"","background-repeat":"repeat","background-position":"center center","background-size":"auto","background-attachment":"scroll","background-type":"","background-media":"","overlay-type":"","overlay-color":"","overlay-opacity":"","overlay-gradient":""},"tablet":{"background-color":"","background-image":"","background-repeat":"repeat","background-position":"center center","background-size":"auto","background-attachment":"scroll","background-type":"","background-media":"","overlay-type":"","overlay-color":"","overlay-opacity":"","overlay-gradient":""},"mobile":{"background-color":"","background-image":"","background-repeat":"repeat","background-position":"center center","background-size":"auto","background-attachment":"scroll","background-type":"","background-media":"","overlay-type":"","overlay-color":"","overlay-opacity":"","overlay-gradient":""}},"ast-content-background-meta":{"desktop":{"background-color":"var(--ast-global-color-5)","background-image":"","background-repeat":"repeat","background-position":"center center","background-size":"auto","background-attachment":"scroll","background-type":"","background-media":"","overlay-type":"","overlay-color":"","overlay-opacity":"","overlay-gradient":""},"tablet":{"background-color":"var(--ast-global-color-5)","background-image":"","background-repeat":"repeat","background-position":"center center","background-size":"auto","background-attachment":"scroll","background-type":"","background-media":"","overlay-type":"","overlay-color":"","overlay-opacity":"","overlay-gradient":""},"mobile":{"background-color":"var(--ast-global-color-5)","background-image":"","background-repeat":"repeat","background-position":"center center","background-size":"auto","background-attachment":"scroll","background-type":"","background-media":"","overlay-type":"","overlay-color":"","overlay-opacity":"","overlay-gradient":""}},"footnotes":""},"class_list":["post-2","page","type-page","status-publish","hentry"],"uagb_featured_image_src":{"full":false,"thumbnail":false,"medium":false,"medium_large":false,"large":false,"1536x1536":false,"2048x2048":false,"woocommerce_thumbnail":false,"woocommerce_single":false,"woocommerce_gallery_thumbnail":false},"uagb_author_info":{"display_name":"aldo","author_link":"https:\/\/dicasdacarioca.com.br\/lp\/author\/aldo\/"},"uagb_comment_info":0,"uagb_excerpt":null,"_links":{"self":[{"href":"https:\/\/dicasdacarioca.com.br\/lp\/wp-json\/wp\/v2\/pages\/2","targetHints":{"allow":["GET"]}}],"collection":[{"href":"https:\/\/dicasdacarioca.com.br\/lp\/wp-json\/wp\/v2\/pages"}],"about":[{"href":"https:\/\/dicasdacarioca.com.br\/lp\/wp-json\/wp\/v2\/types\/page"}],"author":[{"embeddable":true,"href":"https:\/\/dicasdacarioca.com.br\/lp\/wp-json\/wp\/v2\/users\/1"}],"replies":[{"embeddable":true,"href":"https:\/\/dicasdacarioca.com.br\/lp\/wp-json\/wp\/v2\/comments?post=2"}],"version-history":[{"count":55,"href":"https:\/\/dicasdacarioca.com.br\/lp\/wp-json\/wp\/v2\/pages\/2\/revisions"}],"predecessor-version":[{"id":143,"href":"https:\/\/dicasdacarioca.com.br\/lp\/wp-json\/wp\/v2\/pages\/2\/revisions\/143"}],"wp:attachment":[{"href":"https:\/\/dicasdacarioca.com.br\/lp\/wp-json\/wp\/v2\/media?parent=2"}],"curies":[{"name":"wp","href":"https:\/\/api.w.org\/{rel}","templated":true}]}}